{"id":1992,"date":"2026-02-28T18:52:13","date_gmt":"2026-02-28T18:52:13","guid":{"rendered":"https:\/\/krickrac.net\/fizio\/?page_id=1992"},"modified":"2026-03-16T08:56:04","modified_gmt":"2026-03-16T08:56:04","slug":"psiholoska-pomoc","status":"publish","type":"page","link":"https:\/\/krickrac.net\/fizio\/terapije\/nevroloska_rehabilitacija\/psiholoska-pomoc","title":{"rendered":"Psiholo\u0161ka pomo\u010d"},"content":{"rendered":"<p><div class=\"fusion-fullwidth fullwidth-box fusion-builder-row-1 fusion-flex-container has-pattern-background has-mask-background nonhundred-percent-fullwidth non-hundred-percent-height-scrolling\" style=\"--awb-border-radius-top-left:0px;--awb-border-radius-top-right:0px;--awb-border-radius-bottom-right:0px;--awb-border-radius-bottom-left:0px;--awb-padding-bottom:70px;--awb-flex-wrap:wrap;\" ><div class=\"fusion-builder-row fusion-row fusion-flex-align-items-flex-start fusion-flex-justify-content-center fusion-flex-content-wrap\" style=\"max-width:1206.4px;margin-left: calc(-4% \/ 2 );margin-right: calc(-4% \/ 2 );\"><div class=\"fusion-layout-column fusion_builder_column fusion-builder-column-0 fusion_builder_column_3_4 3_4 fusion-flex-column\" style=\"--awb-bg-size:cover;--awb-width-large:75%;--awb-margin-top-large:25px;--awb-spacing-right-large:2.56%;--awb-margin-bottom-large:25px;--awb-spacing-left-large:2.56%;--awb-width-medium:100%;--awb-order-medium:0;--awb-spacing-right-medium:1.92%;--awb-spacing-left-medium:1.92%;--awb-width-small:100%;--awb-order-small:0;--awb-spacing-right-small:1.92%;--awb-spacing-left-small:1.92%;\"><div class=\"fusion-column-wrapper fusion-column-has-shadow fusion-flex-justify-content-flex-start fusion-content-layout-column\"><div class=\"fusion-title title fusion-title-1 fusion-sep-none fusion-title-text fusion-title-size-one\" style=\"--awb-margin-top-small:0px;--awb-margin-right-small:0px;--awb-margin-bottom-small:20px;--awb-margin-left-small:0px;\"><h1 class=\"fusion-title-heading title-heading-left fusion-responsive-typography-calculated\" style=\"margin:0;--fontSize:60;line-height:var(--awb-typography1-line-height);\">Psiholo\u0161ka pomo\u010d<\/h1><\/div><div class=\"fusion-text fusion-text-1\" style=\"--awb-content-alignment:justify;\"><p>Du\u0161evno zdravje je nelo\u010dljiv del na\u0161ega splo\u0161nega dobrega po\u010dutja, saj vpliva na to, kako razmi\u0161ljamo, \u010dutimo in ravnamo v vsakdanjem \u017eivljenju. V Centru fizioterapije Ljubljana se zavedamo, da so telesne te\u017eave in bole\u010dine pogosto tesno povezane s psihi\u010dnim stanjem, zato vam nudimo tudi profesionalno psiholo\u0161ko pomo\u010d in podporo.<\/p>\n<p>Sre\u010devanje z boleznijo, po\u0161kodbo, kroni\u010dno bole\u010dino ali drugimi \u017eivljenjskimi izzivi lahko mo\u010dno zamaje na\u0161e notranje ravnovesje in vpliva na kakovost \u017eivljenja. Psiholo\u0161ka pomo\u010d v na\u0161em centru je namenjena posameznikom, ki se soo\u010dajo z anksioznostjo, depresijo, stresom, izgorelostjo, te\u017eavami v medosebnih odnosih ali potrebujejo podporo pri premagovanju osebnih kriz. Na\u0161i strokovnjaki vam bodo pomagali razviti strategije spoprijemanja z izzivi in okrepiti va\u0161e notranje vire mo\u010di.<\/p>\n<\/div><\/div><\/div><div class=\"fusion-layout-column fusion_builder_column fusion-builder-column-1 fusion_builder_column_3_4 3_4 fusion-flex-column\" style=\"--awb-bg-size:cover;--awb-width-large:75%;--awb-margin-top-large:25px;--awb-spacing-right-large:2.56%;--awb-margin-bottom-large:25px;--awb-spacing-left-large:2.56%;--awb-width-medium:100%;--awb-order-medium:0;--awb-spacing-right-medium:1.92%;--awb-spacing-left-medium:1.92%;--awb-width-small:100%;--awb-order-small:0;--awb-spacing-right-small:1.92%;--awb-spacing-left-small:1.92%;\"><div class=\"fusion-column-wrapper fusion-column-has-shadow fusion-flex-justify-content-flex-start fusion-content-layout-column\"><div class=\"fusion-title title fusion-title-2 fusion-sep-none fusion-title-center fusion-title-text fusion-title-size-four\" style=\"--awb-margin-bottom:0px;--awb-margin-top-small:0px;--awb-margin-right-small:0px;--awb-margin-bottom-small:20px;--awb-margin-left-small:0px;\"><h4 class=\"fusion-title-heading title-heading-center fusion-responsive-typography-calculated\" style=\"margin:0;letter-spacing:0.1em;--fontSize:20;--minFontSize:20;line-height:1.5;\">Principi obravnav<\/h4><\/div><\/div><\/div><div class=\"fusion-layout-column fusion_builder_column fusion-builder-column-2 fusion_builder_column_3_4 3_4 fusion-flex-column\" style=\"--awb-bg-size:cover;--awb-width-large:75%;--awb-margin-top-large:25px;--awb-spacing-right-large:2.56%;--awb-margin-bottom-large:25px;--awb-spacing-left-large:2.56%;--awb-width-medium:100%;--awb-order-medium:0;--awb-spacing-right-medium:1.92%;--awb-spacing-left-medium:1.92%;--awb-width-small:100%;--awb-order-small:0;--awb-spacing-right-small:1.92%;--awb-spacing-left-small:1.92%;\"><div class=\"fusion-column-wrapper fusion-column-has-shadow fusion-flex-justify-content-flex-start fusion-content-layout-column\"><div class=\"fusion-image-element \" style=\"--awb-aspect-ratio:21 \/ 9;--awb-caption-title-font-family:var(--h2_typography-font-family);--awb-caption-title-font-weight:var(--h2_typography-font-weight);--awb-caption-title-font-style:var(--h2_typography-font-style);--awb-caption-title-size:var(--h2_typography-font-size);--awb-caption-title-transform:var(--h2_typography-text-transform);--awb-caption-title-line-height:var(--h2_typography-line-height);--awb-caption-title-letter-spacing:var(--h2_typography-letter-spacing);\"><span class=\" fusion-imageframe imageframe-none imageframe-1 hover-type-none has-aspect-ratio\" style=\"border-radius:12px;\"><img decoding=\"async\" width=\"2560\" height=\"1429\" title=\"Pareze-perifernih-\u017eivcev\" src=\"https:\/\/krickrac.net\/fizio\/wp-content\/uploads\/2026\/02\/Pareze-perifernih-zivcev-scaled.jpg\" data-orig-src=\"https:\/\/krickrac.net\/fizio\/wp-content\/uploads\/2026\/02\/Pareze-perifernih-zivcev-scaled.jpg\" class=\"lazyload img-responsive wp-image-1945 img-with-aspect-ratio\" data-parent-fit=\"cover\" data-parent-container=\".fusion-image-element\" alt srcset=\"data:image\/svg+xml,%3Csvg%20xmlns%3D%27http%3A%2F%2Fwww.w3.org%2F2000%2Fsvg%27%20width%3D%272560%27%20height%3D%271429%27%20viewBox%3D%270%200%202560%201429%27%3E%3Crect%20width%3D%272560%27%20height%3D%271429%27%20fill-opacity%3D%220%22%2F%3E%3C%2Fsvg%3E\" data-srcset=\"https:\/\/krickrac.net\/fizio\/wp-content\/uploads\/2026\/02\/Pareze-perifernih-zivcev-200x112.jpg 200w, https:\/\/krickrac.net\/fizio\/wp-content\/uploads\/2026\/02\/Pareze-perifernih-zivcev-400x223.jpg 400w, https:\/\/krickrac.net\/fizio\/wp-content\/uploads\/2026\/02\/Pareze-perifernih-zivcev-600x335.jpg 600w, https:\/\/krickrac.net\/fizio\/wp-content\/uploads\/2026\/02\/Pareze-perifernih-zivcev-800x447.jpg 800w, https:\/\/krickrac.net\/fizio\/wp-content\/uploads\/2026\/02\/Pareze-perifernih-zivcev-1200x670.jpg 1200w, https:\/\/krickrac.net\/fizio\/wp-content\/uploads\/2026\/02\/Pareze-perifernih-zivcev-scaled.jpg 2560w\" data-sizes=\"auto\" data-orig-sizes=\"(max-width: 1024px) 100vw, (max-width: 640px) 100vw, 1200px\" \/><\/span><\/div><\/div><\/div><div class=\"fusion-layout-column fusion_builder_column fusion-builder-column-3 fusion_builder_column_3_4 3_4 fusion-flex-column\" style=\"--awb-bg-size:cover;--awb-width-large:75%;--awb-margin-top-large:25px;--awb-spacing-right-large:2.56%;--awb-margin-bottom-large:25px;--awb-spacing-left-large:2.56%;--awb-width-medium:100%;--awb-order-medium:0;--awb-spacing-right-medium:1.92%;--awb-spacing-left-medium:1.92%;--awb-width-small:100%;--awb-order-small:0;--awb-spacing-right-small:1.92%;--awb-spacing-left-small:1.92%;\"><div class=\"fusion-column-wrapper fusion-column-has-shadow fusion-flex-justify-content-flex-start fusion-content-layout-column\"><div class=\"fusion-text fusion-text-2\" style=\"--awb-content-alignment:justify;\"><h3 class=\"fusion-responsive-typography-calculated\" data-fontsize=\"26\" data-lineheight=\"33.8px\">Kdaj poiskati psiholo\u0161ko pomo\u010d?<\/h3>\n<p data-path-to-node=\"6\">Svetujemo vam, da se obrnete na nas, \u010de:<\/p>\n<ul data-path-to-node=\"7\">\n<li>\n<p data-path-to-node=\"7,0,0\"><b data-path-to-node=\"7,0,0\" data-index-in-node=\"0\">Ob\u010dutite dolgotrajno \u017ealost<\/b>, tesnobo ali nemir.<\/p>\n<\/li>\n<li>\n<p data-path-to-node=\"7,1,0\"><b data-path-to-node=\"7,1,0\" data-index-in-node=\"0\">Se soo\u010date z izgorelostjo<\/b> in pomanjkanjem energije.<\/p>\n<\/li>\n<li>\n<p data-path-to-node=\"7,2,0\"><b data-path-to-node=\"7,2,0\" data-index-in-node=\"0\">Imate te\u017eave s spanjem<\/b> ali koncentracijo.<\/p>\n<\/li>\n<li>\n<p data-path-to-node=\"7,3,0\"><b data-path-to-node=\"7,3,0\" data-index-in-node=\"0\">Neuspe\u0161no premagujete stres<\/b> in vsakodnevne obveznosti.<\/p>\n<\/li>\n<\/ul>\n<p data-path-to-node=\"8\">Z zgodnjim prepoznavanjem in re\u0161evanjem te\u017eav lahko prepre\u010dimo poslab\u0161anje psihi\u010dnega stanja in izbolj\u0161amo va\u0161e du\u0161evno zdravje.<\/p>\n<\/div><\/div><\/div><\/div><\/div><div class=\"fusion-fullwidth fullwidth-box fusion-builder-row-2 fusion-flex-container has-pattern-background has-mask-background nonhundred-percent-fullwidth non-hundred-percent-height-scrolling\" style=\"--awb-border-radius-top-left:0px;--awb-border-radius-top-right:0px;--awb-border-radius-bottom-right:0px;--awb-border-radius-bottom-left:0px;--awb-padding-top:70px;--awb-padding-bottom:70px;--awb-background-color:#e5e5e5;--awb-flex-wrap:wrap;\" ><div class=\"awb-background-mask\" style=\"background-image:  url(https:\/\/krickrac.net\/fizio\/wp-content\/uploads\/2026\/01\/FAVI-Center-Fizioterapije-Ljubljana-web-2026-_01.svg);opacity: 0.1 ;transform: scale(-1, 1);mix-blend-mode:luminosity;\"><\/div><div class=\"fusion-builder-row fusion-row fusion-flex-align-items-flex-start fusion-flex-justify-content-center fusion-flex-content-wrap\" style=\"max-width:1206.4px;margin-left: calc(-4% \/ 2 );margin-right: calc(-4% \/ 2 );\"><div class=\"fusion-layout-column fusion_builder_column fusion-builder-column-4 fusion_builder_column_1_1 1_1 fusion-flex-column\" style=\"--awb-bg-size:cover;--awb-width-large:100%;--awb-margin-top-large:25px;--awb-spacing-right-large:1.92%;--awb-margin-bottom-large:25px;--awb-spacing-left-large:1.92%;--awb-width-medium:100%;--awb-order-medium:0;--awb-spacing-right-medium:1.92%;--awb-spacing-left-medium:1.92%;--awb-width-small:100%;--awb-order-small:0;--awb-spacing-right-small:1.92%;--awb-spacing-left-small:1.92%;\"><div class=\"fusion-column-wrapper fusion-column-has-shadow fusion-flex-justify-content-flex-start fusion-content-layout-column\"><div class=\"fusion-title title fusion-title-3 fusion-sep-none fusion-title-center fusion-title-text fusion-title-size-three\" style=\"--awb-margin-bottom:50px;--awb-margin-top-small:0px;--awb-margin-right-small:0px;--awb-margin-bottom-small:20px;--awb-margin-left-small:0px;--awb-font-size:40px;\"><h3 class=\"fusion-title-heading title-heading-center fusion-responsive-typography-calculated\" style=\"margin:0;text-transform:uppercase;font-size:1em;--fontSize:40;line-height:1.3;\">Pogosta vpra\u0161anja (FAQ)<\/h3><\/div><div class=\"fusion-content-boxes content-boxes columns row fusion-columns-3 fusion-columns-total-3 fusion-content-boxes-1 content-boxes-icon-with-title content-left\" style=\"--awb-body-color:var(--awb-color8);--awb-title-color:var(--awb-color8);--awb-iconcolor:rgba(209,209,209,0);--awb-hover-accent-color:var(--awb-color8);--awb-circle-hover-accent-color:var(--awb-color8);\" data-animationOffset=\"top-into-view\"><div style=\"--awb-backgroundcolor:rgba(255,255,255,0);--awb-iconcolor:rgba(209,209,209,0);\" class=\"fusion-column content-box-column content-box-column content-box-column-1 col-lg-4 col-md-4 col-sm-4 fusion-content-box-hover content-box-column-first-in-row\"><div class=\"col content-box-wrapper content-wrapper link-area-link-icon icon-hover-animation-slide\" data-animationOffset=\"top-into-view\"><div class=\"heading icon-left\"><h3 class=\"content-box-heading fusion-responsive-typography-calculated\" style=\"--h3_typography-font-size:24px;--fontSize:24;line-height:1.3;\">Kako poteka prvi obisk pri psihologu?<\/h3><\/div><div class=\"fusion-clearfix\"><\/div><div class=\"content-container\">\n<p>Prvi obisk je namenjen spoznavanju in vzpostavitvi zaupnega odnosa med vami in psihologom. Pogovorili se boste o va\u0161ih te\u017eavah, pri\u010dakovanjih in ciljih, ki jih \u017eelite dose\u010di. Na podlagi uvodnega pogovora bo psiholog predlagal ustrezno obliko pomo\u010di in skupaj boste dolo\u010dili dinamiko nadaljnjih sre\u010danj.<\/p>\n<\/div><\/div><\/div><div style=\"--awb-backgroundcolor:rgba(255,255,255,0);--awb-iconcolor:rgba(209,209,209,0);\" class=\"fusion-column content-box-column content-box-column content-box-column-2 col-lg-4 col-md-4 col-sm-4 fusion-content-box-hover \"><div class=\"col content-box-wrapper content-wrapper link-area-link-icon icon-hover-animation-slide\" data-animationOffset=\"top-into-view\"><div class=\"heading icon-left\"><h3 class=\"content-box-heading fusion-responsive-typography-calculated\" style=\"--h3_typography-font-size:24px;--fontSize:24;line-height:1.3;\">Ali je psiholo\u0161ka pomo\u010d primerna zame?<\/h3><\/div><div class=\"fusion-clearfix\"><\/div><div class=\"content-container\">\n<p>Psiholo\u0161ka pomo\u010d je primerna za vsakogar, ki se soo\u010da z du\u0161evnimi stiskami ali si \u017eeli izbolj\u0161ati kakovost \u017eivljenja. \u010ce niste prepri\u010dani, ali je ta oblika pomo\u010di prava za vas, nas pokli\u010dite in skupaj bomo poiskali najbolj\u0161o re\u0161itev.<\/p>\n<\/div><\/div><\/div><div style=\"--awb-backgroundcolor:rgba(255,255,255,0);--awb-iconcolor:rgba(209,209,209,0);\" class=\"fusion-column content-box-column content-box-column content-box-column-3 col-lg-4 col-md-4 col-sm-4 fusion-content-box-hover content-box-column-last content-box-column-last-in-row\"><div class=\"col content-box-wrapper content-wrapper link-area-link-icon icon-hover-animation-slide\" data-animationOffset=\"top-into-view\"><div class=\"heading icon-left\"><h3 class=\"content-box-heading fusion-responsive-typography-calculated\" style=\"--h3_typography-font-size:24px;--fontSize:24;line-height:1.3;\">Koliko sre\u010danj je potrebnih?<\/h3><\/div><div class=\"fusion-clearfix\"><\/div><div class=\"content-container\">\n<p data-path-to-node=\"13\">\u0160tevilo sre\u010danj je odvisno od narave va\u0161ih te\u017eav, ciljev, ki jih \u017eelite dose\u010di, in va\u0161e pripravljenosti za delo na sebi. Nekaterim posameznikom zado\u0161\u010da \u017ee nekaj sre\u010danj, medtem ko drugi potrebujejo dolgotrajnej\u0161o podporo. Psiholog se bo z vami sproti dogovarjal o dinamiki in trajanju obravnave.<\/p>\n<\/div><\/div><\/div><div class=\"fusion-clearfix\"><\/div><\/div><\/div><\/div><\/div><\/div><div class=\"fusion-fullwidth fullwidth-box fusion-builder-row-3 fusion-flex-container has-pattern-background has-mask-background nonhundred-percent-fullwidth non-hundred-percent-height-scrolling\" style=\"--awb-border-radius-top-left:0px;--awb-border-radius-top-right:0px;--awb-border-radius-bottom-right:0px;--awb-border-radius-bottom-left:0px;--awb-padding-top:70px;--awb-padding-bottom:70px;--awb-background-color:var(--awb-color2);--awb-flex-wrap:wrap;\" ><div class=\"fusion-builder-row fusion-row fusion-flex-align-items-flex-start fusion-flex-justify-content-center fusion-flex-content-wrap\" style=\"max-width:1206.4px;margin-left: calc(-4% \/ 2 );margin-right: calc(-4% \/ 2 );\"><div class=\"fusion-layout-column fusion_builder_column fusion-builder-column-5 fusion_builder_column_1_1 1_1 fusion-flex-column\" style=\"--awb-bg-size:cover;--awb-width-large:100%;--awb-margin-top-large:25px;--awb-spacing-right-large:1.92%;--awb-margin-bottom-large:25px;--awb-spacing-left-large:1.92%;--awb-width-medium:100%;--awb-order-medium:0;--awb-spacing-right-medium:1.92%;--awb-spacing-left-medium:1.92%;--awb-width-small:100%;--awb-order-small:0;--awb-spacing-right-small:1.92%;--awb-spacing-left-small:1.92%;\"><div class=\"fusion-column-wrapper fusion-column-has-shadow fusion-flex-justify-content-flex-start fusion-content-layout-column\"><div class=\"fusion-title title fusion-title-4 fusion-sep-none fusion-title-center fusion-title-text fusion-title-size-three\" style=\"--awb-margin-top-small:0px;--awb-margin-right-small:0px;--awb-margin-bottom-small:20px;--awb-margin-left-small:0px;--awb-font-size:40px;\"><h3 class=\"fusion-title-heading title-heading-center fusion-responsive-typography-calculated\" style=\"margin:0;font-size:1em;--fontSize:40;line-height:1.3;\">Principi obravnav<\/h3><\/div><\/div><\/div><div class=\"fusion-layout-column fusion_builder_column fusion-builder-column-6 fusion_builder_column_1_1 1_1 fusion-flex-column\" style=\"--awb-bg-size:cover;--awb-width-large:100%;--awb-margin-top-large:25px;--awb-spacing-right-large:1.92%;--awb-margin-bottom-large:25px;--awb-spacing-left-large:1.92%;--awb-width-medium:100%;--awb-order-medium:0;--awb-spacing-right-medium:1.92%;--awb-spacing-left-medium:1.92%;--awb-width-small:100%;--awb-order-small:0;--awb-spacing-right-small:1.92%;--awb-spacing-left-small:1.92%;\"><div class=\"fusion-column-wrapper fusion-column-has-shadow fusion-flex-justify-content-flex-start fusion-content-layout-column\"><\/div><\/div><\/div><\/div><\/p>\n","protected":false},"excerpt":{"rendered":"","protected":false},"author":1,"featured_media":1945,"parent":2,"menu_order":0,"comment_status":"closed","ping_status":"closed","template":"100-width.php","meta":{"footnotes":""},"class_list":["post-1992","page","type-page","status-publish","has-post-thumbnail","hentry"],"yoast_head":"<!-- This site is optimized with the Yoast SEO plugin v27.2 - https:\/\/yoast.com\/product\/yoast-seo-wordpress\/ -->\n<title>Psiholo\u0161ka pomo\u010d - Center Fizioterapije Ljubljana<\/title>\n<meta name=\"robots\" content=\"noindex, follow, max-snippet:-1, max-image-preview:large, max-video-preview:-1\" \/>\n<meta property=\"og:locale\" content=\"sl_SI\" \/>\n<meta property=\"og:type\" content=\"article\" \/>\n<meta property=\"og:title\" content=\"Psiholo\u0161ka pomo\u010d - Center Fizioterapije Ljubljana\" \/>\n<meta property=\"og:url\" content=\"https:\/\/krickrac.net\/fizio\/terapije\/nevroloska_rehabilitacija\/psiholoska-pomoc\" \/>\n<meta property=\"og:site_name\" content=\"Center Fizioterapije Ljubljana\" \/>\n<meta property=\"article:modified_time\" content=\"2026-03-16T08:56:04+00:00\" \/>\n<meta property=\"og:image\" content=\"https:\/\/krickrac.net\/fizio\/wp-content\/uploads\/2026\/02\/Pareze-perifernih-zivcev-scaled.jpg\" \/>\n\t<meta property=\"og:image:width\" content=\"2560\" \/>\n\t<meta property=\"og:image:height\" content=\"1429\" \/>\n\t<meta property=\"og:image:type\" content=\"image\/jpeg\" \/>\n<meta name=\"twitter:card\" content=\"summary_large_image\" \/>\n<meta name=\"twitter:label1\" content=\"Est. reading time\" \/>\n\t<meta name=\"twitter:data1\" content=\"4 minute\" \/>\n<script type=\"application\/ld+json\" class=\"yoast-schema-graph\">{\"@context\":\"https:\/\/schema.org\",\"@graph\":[{\"@type\":\"WebPage\",\"@id\":\"https:\/\/krickrac.net\/fizio\/terapije\/nevroloska_rehabilitacija\/psiholoska-pomoc\",\"url\":\"https:\/\/krickrac.net\/fizio\/terapije\/nevroloska_rehabilitacija\/psiholoska-pomoc\",\"name\":\"Psiholo\u0161ka pomo\u010d - Center Fizioterapije Ljubljana\",\"isPartOf\":{\"@id\":\"https:\/\/krickrac.net\/fizio\/#website\"},\"primaryImageOfPage\":{\"@id\":\"https:\/\/krickrac.net\/fizio\/terapije\/nevroloska_rehabilitacija\/psiholoska-pomoc#primaryimage\"},\"image\":{\"@id\":\"https:\/\/krickrac.net\/fizio\/terapije\/nevroloska_rehabilitacija\/psiholoska-pomoc#primaryimage\"},\"thumbnailUrl\":\"https:\/\/krickrac.net\/fizio\/wp-content\/uploads\/2026\/02\/Pareze-perifernih-zivcev-scaled.jpg\",\"datePublished\":\"2026-02-28T18:52:13+00:00\",\"dateModified\":\"2026-03-16T08:56:04+00:00\",\"breadcrumb\":{\"@id\":\"https:\/\/krickrac.net\/fizio\/terapije\/nevroloska_rehabilitacija\/psiholoska-pomoc#breadcrumb\"},\"inLanguage\":\"sl-SI\",\"potentialAction\":[{\"@type\":\"ReadAction\",\"target\":[\"https:\/\/krickrac.net\/fizio\/terapije\/nevroloska_rehabilitacija\/psiholoska-pomoc\"]}]},{\"@type\":\"ImageObject\",\"inLanguage\":\"sl-SI\",\"@id\":\"https:\/\/krickrac.net\/fizio\/terapije\/nevroloska_rehabilitacija\/psiholoska-pomoc#primaryimage\",\"url\":\"https:\/\/krickrac.net\/fizio\/wp-content\/uploads\/2026\/02\/Pareze-perifernih-zivcev-scaled.jpg\",\"contentUrl\":\"https:\/\/krickrac.net\/fizio\/wp-content\/uploads\/2026\/02\/Pareze-perifernih-zivcev-scaled.jpg\",\"width\":2560,\"height\":1429},{\"@type\":\"BreadcrumbList\",\"@id\":\"https:\/\/krickrac.net\/fizio\/terapije\/nevroloska_rehabilitacija\/psiholoska-pomoc#breadcrumb\",\"itemListElement\":[{\"@type\":\"ListItem\",\"position\":1,\"name\":\"Home\",\"item\":\"https:\/\/krickrac.net\/fizio\/\"},{\"@type\":\"ListItem\",\"position\":2,\"name\":\"Skupine stanj za terapije\",\"item\":\"https:\/\/krickrac.net\/fizio\/terapije\"},{\"@type\":\"ListItem\",\"position\":3,\"name\":\"01 Nevrolo\u0161ka rehabilitacija\",\"item\":\"https:\/\/krickrac.net\/fizio\/terapije\/nevroloska_rehabilitacija\"},{\"@type\":\"ListItem\",\"position\":4,\"name\":\"Psiholo\u0161ka pomo\u010d\"}]},{\"@type\":\"WebSite\",\"@id\":\"https:\/\/krickrac.net\/fizio\/#website\",\"url\":\"https:\/\/krickrac.net\/fizio\/\",\"name\":\"Center Fizioterapije Ljubljana\",\"description\":\"Fizioterapija, obravnavo posameznikov po mo\u017eganski kapi, po nezgodnih po\u0161kodbah mo\u017eganov in ostalih nevrolo\u0161kih stanjih.\",\"potentialAction\":[{\"@type\":\"SearchAction\",\"target\":{\"@type\":\"EntryPoint\",\"urlTemplate\":\"https:\/\/krickrac.net\/fizio\/?s={search_term_string}\"},\"query-input\":{\"@type\":\"PropertyValueSpecification\",\"valueRequired\":true,\"valueName\":\"search_term_string\"}}],\"inLanguage\":\"sl-SI\"}]}<\/script>\n<!-- \/ Yoast SEO plugin. -->","yoast_head_json":{"title":"Psiholo\u0161ka pomo\u010d - Center Fizioterapije Ljubljana","robots":{"index":"noindex","follow":"follow","max-snippet":"max-snippet:-1","max-image-preview":"max-image-preview:large","max-video-preview":"max-video-preview:-1"},"og_locale":"sl_SI","og_type":"article","og_title":"Psiholo\u0161ka pomo\u010d - Center Fizioterapije Ljubljana","og_url":"https:\/\/krickrac.net\/fizio\/terapije\/nevroloska_rehabilitacija\/psiholoska-pomoc","og_site_name":"Center Fizioterapije Ljubljana","article_modified_time":"2026-03-16T08:56:04+00:00","og_image":[{"width":2560,"height":1429,"url":"https:\/\/krickrac.net\/fizio\/wp-content\/uploads\/2026\/02\/Pareze-perifernih-zivcev-scaled.jpg","type":"image\/jpeg"}],"twitter_card":"summary_large_image","twitter_misc":{"Est. reading time":"4 minute"},"schema":{"@context":"https:\/\/schema.org","@graph":[{"@type":"WebPage","@id":"https:\/\/krickrac.net\/fizio\/terapije\/nevroloska_rehabilitacija\/psiholoska-pomoc","url":"https:\/\/krickrac.net\/fizio\/terapije\/nevroloska_rehabilitacija\/psiholoska-pomoc","name":"Psiholo\u0161ka pomo\u010d - Center Fizioterapije Ljubljana","isPartOf":{"@id":"https:\/\/krickrac.net\/fizio\/#website"},"primaryImageOfPage":{"@id":"https:\/\/krickrac.net\/fizio\/terapije\/nevroloska_rehabilitacija\/psiholoska-pomoc#primaryimage"},"image":{"@id":"https:\/\/krickrac.net\/fizio\/terapije\/nevroloska_rehabilitacija\/psiholoska-pomoc#primaryimage"},"thumbnailUrl":"https:\/\/krickrac.net\/fizio\/wp-content\/uploads\/2026\/02\/Pareze-perifernih-zivcev-scaled.jpg","datePublished":"2026-02-28T18:52:13+00:00","dateModified":"2026-03-16T08:56:04+00:00","breadcrumb":{"@id":"https:\/\/krickrac.net\/fizio\/terapije\/nevroloska_rehabilitacija\/psiholoska-pomoc#breadcrumb"},"inLanguage":"sl-SI","potentialAction":[{"@type":"ReadAction","target":["https:\/\/krickrac.net\/fizio\/terapije\/nevroloska_rehabilitacija\/psiholoska-pomoc"]}]},{"@type":"ImageObject","inLanguage":"sl-SI","@id":"https:\/\/krickrac.net\/fizio\/terapije\/nevroloska_rehabilitacija\/psiholoska-pomoc#primaryimage","url":"https:\/\/krickrac.net\/fizio\/wp-content\/uploads\/2026\/02\/Pareze-perifernih-zivcev-scaled.jpg","contentUrl":"https:\/\/krickrac.net\/fizio\/wp-content\/uploads\/2026\/02\/Pareze-perifernih-zivcev-scaled.jpg","width":2560,"height":1429},{"@type":"BreadcrumbList","@id":"https:\/\/krickrac.net\/fizio\/terapije\/nevroloska_rehabilitacija\/psiholoska-pomoc#breadcrumb","itemListElement":[{"@type":"ListItem","position":1,"name":"Home","item":"https:\/\/krickrac.net\/fizio\/"},{"@type":"ListItem","position":2,"name":"Skupine stanj za terapije","item":"https:\/\/krickrac.net\/fizio\/terapije"},{"@type":"ListItem","position":3,"name":"01 Nevrolo\u0161ka rehabilitacija","item":"https:\/\/krickrac.net\/fizio\/terapije\/nevroloska_rehabilitacija"},{"@type":"ListItem","position":4,"name":"Psiholo\u0161ka pomo\u010d"}]},{"@type":"WebSite","@id":"https:\/\/krickrac.net\/fizio\/#website","url":"https:\/\/krickrac.net\/fizio\/","name":"Center Fizioterapije Ljubljana","description":"Fizioterapija, obravnavo posameznikov po mo\u017eganski kapi, po nezgodnih po\u0161kodbah mo\u017eganov in ostalih nevrolo\u0161kih stanjih.","potentialAction":[{"@type":"SearchAction","target":{"@type":"EntryPoint","urlTemplate":"https:\/\/krickrac.net\/fizio\/?s={search_term_string}"},"query-input":{"@type":"PropertyValueSpecification","valueRequired":true,"valueName":"search_term_string"}}],"inLanguage":"sl-SI"}]}},"_links":{"self":[{"href":"https:\/\/krickrac.net\/fizio\/wp-json\/wp\/v2\/pages\/1992","targetHints":{"allow":["GET"]}}],"collection":[{"href":"https:\/\/krickrac.net\/fizio\/wp-json\/wp\/v2\/pages"}],"about":[{"href":"https:\/\/krickrac.net\/fizio\/wp-json\/wp\/v2\/types\/page"}],"author":[{"embeddable":true,"href":"https:\/\/krickrac.net\/fizio\/wp-json\/wp\/v2\/users\/1"}],"replies":[{"embeddable":true,"href":"https:\/\/krickrac.net\/fizio\/wp-json\/wp\/v2\/comments?post=1992"}],"version-history":[{"count":4,"href":"https:\/\/krickrac.net\/fizio\/wp-json\/wp\/v2\/pages\/1992\/revisions"}],"predecessor-version":[{"id":2179,"href":"https:\/\/krickrac.net\/fizio\/wp-json\/wp\/v2\/pages\/1992\/revisions\/2179"}],"up":[{"embeddable":true,"href":"https:\/\/krickrac.net\/fizio\/wp-json\/wp\/v2\/pages\/2"}],"wp:featuredmedia":[{"embeddable":true,"href":"https:\/\/krickrac.net\/fizio\/wp-json\/wp\/v2\/media\/1945"}],"wp:attachment":[{"href":"https:\/\/krickrac.net\/fizio\/wp-json\/wp\/v2\/media?parent=1992"}],"curies":[{"name":"wp","href":"https:\/\/api.w.org\/{rel}","templated":true}]}}