{"id":2084,"date":"2026-03-08T10:14:57","date_gmt":"2026-03-08T10:14:57","guid":{"rendered":"https:\/\/krickrac.net\/fizio\/?page_id=2084"},"modified":"2026-04-07T18:50:18","modified_gmt":"2026-04-07T18:50:18","slug":"o-nas","status":"publish","type":"page","link":"https:\/\/krickrac.net\/fizio\/o-nas","title":{"rendered":"O nas"},"content":{"rendered":"<div class=\"fusion-fullwidth fullwidth-box fusion-builder-row-1 fusion-flex-container has-pattern-background has-mask-background nonhundred-percent-fullwidth non-hundred-percent-height-scrolling\" style=\"--awb-border-radius-top-left:0px;--awb-border-radius-top-right:0px;--awb-border-radius-bottom-right:0px;--awb-border-radius-bottom-left:0px;--awb-padding-bottom:70px;--awb-flex-wrap:wrap;\" ><div class=\"fusion-builder-row fusion-row fusion-flex-align-items-flex-start fusion-flex-justify-content-center fusion-flex-content-wrap\" style=\"max-width:1206.4px;margin-left: calc(-4% \/ 2 );margin-right: calc(-4% \/ 2 );\"><div class=\"fusion-layout-column fusion_builder_column fusion-builder-column-0 fusion_builder_column_3_4 3_4 fusion-flex-column\" style=\"--awb-bg-size:cover;--awb-width-large:75%;--awb-margin-top-large:25px;--awb-spacing-right-large:2.56%;--awb-margin-bottom-large:25px;--awb-spacing-left-large:2.56%;--awb-width-medium:100%;--awb-order-medium:0;--awb-spacing-right-medium:1.92%;--awb-spacing-left-medium:1.92%;--awb-width-small:100%;--awb-order-small:0;--awb-spacing-right-small:1.92%;--awb-spacing-left-small:1.92%;\"><div class=\"fusion-column-wrapper fusion-column-has-shadow fusion-flex-justify-content-flex-start fusion-content-layout-column\"><div class=\"fusion-title title fusion-title-1 fusion-sep-none fusion-title-text fusion-title-size-one\" style=\"--awb-margin-top-small:0px;--awb-margin-right-small:0px;--awb-margin-bottom-small:20px;--awb-margin-left-small:0px;\"><h1 class=\"fusion-title-heading title-heading-left fusion-responsive-typography-calculated\" style=\"margin:0;--fontSize:60;line-height:var(--awb-typography1-line-height);\">Zasebni rehabilitacijski center<\/h1><\/div><div class=\"fusion-text fusion-text-1\" style=\"--awb-content-alignment:justify;--awb-font-size:20px;--awb-text-font-family:&quot;Archivo&quot;;--awb-text-font-style:normal;--awb-text-font-weight:600;\"><div class=\"column mcb-column mcb-item-fa18d72a9 one-third laptop-one-third tablet-one-third mobile-one column_column vb-item\">\n<p>Center Fizioterapije Ljubljana je zasebni center, ki se ukvarja se ukvaraja s fizioterapijo, obravnavo posameznikov po mo\u017eganski kapi, po nezgodnih po\u0161kodbah mo\u017eganov in ostalih nevrolo\u0161kih stanjih. Center Fizioterapije Ljubljana je vpisan v register zasebnih zdravstvenih delavcev pri Ministrstvu za zdravje in ima uradno dovoljenje za izvajanje storitev fizioterapije.<\/p>\n<\/div>\n<\/div><\/div><\/div><div class=\"fusion-layout-column fusion_builder_column fusion-builder-column-1 fusion_builder_column_3_4 3_4 fusion-flex-column\" style=\"--awb-bg-size:cover;--awb-width-large:75%;--awb-margin-top-large:25px;--awb-spacing-right-large:2.56%;--awb-margin-bottom-large:47px;--awb-spacing-left-large:2.56%;--awb-width-medium:100%;--awb-order-medium:0;--awb-spacing-right-medium:1.92%;--awb-spacing-left-medium:1.92%;--awb-width-small:100%;--awb-order-small:0;--awb-spacing-right-small:1.92%;--awb-spacing-left-small:1.92%;\"><div class=\"fusion-column-wrapper fusion-column-has-shadow fusion-flex-justify-content-flex-start fusion-content-layout-column\"><div class=\"fusion-image-element \" style=\"--awb-aspect-ratio:21 \/ 9;--awb-caption-title-font-family:var(--h2_typography-font-family);--awb-caption-title-font-weight:var(--h2_typography-font-weight);--awb-caption-title-font-style:var(--h2_typography-font-style);--awb-caption-title-size:var(--h2_typography-font-size);--awb-caption-title-transform:var(--h2_typography-text-transform);--awb-caption-title-line-height:var(--h2_typography-line-height);--awb-caption-title-letter-spacing:var(--h2_typography-letter-spacing);\"><span class=\" fusion-imageframe imageframe-none imageframe-1 hover-type-none has-aspect-ratio\" style=\"border-radius:12px;\"><img decoding=\"async\" width=\"2560\" height=\"940\" title=\"Tatjana Jegli\u010d\" src=\"https:\/\/krickrac.net\/fizio\/wp-content\/uploads\/2026\/03\/Gemini_Generated_Image_m7j1t7m7j1t7m7j1-scaled.png\" data-orig-src=\"https:\/\/krickrac.net\/fizio\/wp-content\/uploads\/2026\/03\/Gemini_Generated_Image_m7j1t7m7j1t7m7j1-scaled.png\" class=\"lazyload img-responsive wp-image-2087 img-with-aspect-ratio\" data-parent-fit=\"cover\" data-parent-container=\".fusion-image-element\" alt srcset=\"data:image\/svg+xml,%3Csvg%20xmlns%3D%27http%3A%2F%2Fwww.w3.org%2F2000%2Fsvg%27%20width%3D%272560%27%20height%3D%27940%27%20viewBox%3D%270%200%202560%20940%27%3E%3Crect%20width%3D%272560%27%20height%3D%27940%27%20fill-opacity%3D%220%22%2F%3E%3C%2Fsvg%3E\" data-srcset=\"https:\/\/krickrac.net\/fizio\/wp-content\/uploads\/2026\/03\/Gemini_Generated_Image_m7j1t7m7j1t7m7j1-200x73.png 200w, https:\/\/krickrac.net\/fizio\/wp-content\/uploads\/2026\/03\/Gemini_Generated_Image_m7j1t7m7j1t7m7j1-400x147.png 400w, https:\/\/krickrac.net\/fizio\/wp-content\/uploads\/2026\/03\/Gemini_Generated_Image_m7j1t7m7j1t7m7j1-600x220.png 600w, https:\/\/krickrac.net\/fizio\/wp-content\/uploads\/2026\/03\/Gemini_Generated_Image_m7j1t7m7j1t7m7j1-800x294.png 800w, https:\/\/krickrac.net\/fizio\/wp-content\/uploads\/2026\/03\/Gemini_Generated_Image_m7j1t7m7j1t7m7j1-1200x441.png 1200w, https:\/\/krickrac.net\/fizio\/wp-content\/uploads\/2026\/03\/Gemini_Generated_Image_m7j1t7m7j1t7m7j1-scaled.png 2560w\" data-sizes=\"auto\" data-orig-sizes=\"(max-width: 1024px) 100vw, (max-width: 640px) 100vw, 1200px\" \/><\/span><\/div><\/div><\/div><div class=\"fusion-layout-column fusion_builder_column fusion-builder-column-2 fusion_builder_column_3_4 3_4 fusion-flex-column\" style=\"--awb-bg-size:cover;--awb-width-large:75%;--awb-margin-top-large:25px;--awb-spacing-right-large:2.56%;--awb-margin-bottom-large:25px;--awb-spacing-left-large:2.56%;--awb-width-medium:100%;--awb-order-medium:0;--awb-spacing-right-medium:1.92%;--awb-spacing-left-medium:1.92%;--awb-width-small:100%;--awb-order-small:0;--awb-spacing-right-small:1.92%;--awb-spacing-left-small:1.92%;\"><div class=\"fusion-column-wrapper fusion-column-has-shadow fusion-flex-justify-content-flex-start fusion-content-layout-column\"><div class=\"fusion-text fusion-text-2 awb-text-cols fusion-text-columns-2\" style=\"--awb-content-alignment:justify;--awb-columns:2;--awb-column-spacing:2em;--awb-column-min-width:100px;\"><p>Fizioterapijo izvaja diplomirana fizioterapevtka Tatjana Jegli\u010d, ki ima na zgoraj navedenih podro\u010djih 20-letne izku\u0161nje in vrsto uspe\u0161no izvedenih fizioterapevtskih obravnav. Svoje strokovno znanje neprestano dopolnjuje z najnovej\u0161imi pristopi. Tatjana je v teh prizadevanjih pridobila tudi naziv mednarodni in\u0161truktor za koncept Bobath. Strokovni tim dopolnjujejo\u00a0Helena Gutnik, diplomirana fizioterapevtka,\u00a0Ana Dov\u010d, dipl. fiziot. in\u00a0Nastja Glin\u0161ek, dipl.fiziot. Vse kolegice se strokovno izpopolnjujeta na podro\u010dju nevrolo\u0161ke rehabilitacije, stopnjevane motori\u010dne predstave kot specilanih manualnih tehnik in konceptov. V na\u0161 tim dodatno dopolnjujejo zunanji sodelavci s podro\u010dja logopedije, limfne drena\u017ee, kineziologije in psiholo\u0161ke obravnave.<\/p>\n<p>V na\u0161em centru se nenehno dodatno izobra\u017eujemo in pridobivamo nova znanja, tako doma kot v tujini, z namenom, da bi VAM, ali va\u0161im svojcem, znali pomagati za\u017eiveti polno, kvalitetno \u017eivljenje brez bole\u010din in omejitev v najve\u010dji mo\u017eni meri.<\/p>\n<\/div><\/div><\/div><div class=\"fusion-layout-column fusion_builder_column fusion-builder-column-3 fusion_builder_column_3_4 3_4 fusion-flex-column\" style=\"--awb-bg-size:cover;--awb-width-large:75%;--awb-margin-top-large:75px;--awb-spacing-right-large:2.56%;--awb-margin-bottom-large:25px;--awb-spacing-left-large:2.56%;--awb-width-medium:100%;--awb-order-medium:0;--awb-spacing-right-medium:1.92%;--awb-spacing-left-medium:1.92%;--awb-width-small:100%;--awb-order-small:0;--awb-spacing-right-small:1.92%;--awb-spacing-left-small:1.92%;\" data-scroll-devices=\"small-visibility,medium-visibility,large-visibility\"><div class=\"fusion-column-wrapper fusion-column-has-shadow fusion-flex-justify-content-center fusion-content-layout-row\"><script src=\"https:\/\/ljubljana.place\/wp-json\/mch\/v1\/embed\/center-fizioterapije-ljubljana-d-o-o?variant=banner&size=500\"><\/script><\/div><\/div><\/div><\/div>\n","protected":false},"excerpt":{"rendered":"","protected":false},"author":1,"featured_media":2087,"parent":0,"menu_order":0,"comment_status":"closed","ping_status":"closed","template":"100-width.php","meta":{"footnotes":""},"class_list":["post-2084","page","type-page","status-publish","has-post-thumbnail","hentry"],"yoast_head":"<!-- This site is optimized with the Yoast SEO plugin v27.2 - https:\/\/yoast.com\/product\/yoast-seo-wordpress\/ -->\n<title>O nas - Center Fizioterapije Ljubljana<\/title>\n<meta name=\"robots\" content=\"noindex, follow, max-snippet:-1, max-image-preview:large, max-video-preview:-1\" \/>\n<meta property=\"og:locale\" content=\"sl_SI\" \/>\n<meta property=\"og:type\" content=\"article\" \/>\n<meta property=\"og:title\" content=\"O nas - Center Fizioterapije Ljubljana\" \/>\n<meta property=\"og:url\" content=\"https:\/\/krickrac.net\/fizio\/o-nas\" \/>\n<meta property=\"og:site_name\" content=\"Center Fizioterapije Ljubljana\" \/>\n<meta property=\"article:modified_time\" content=\"2026-04-07T18:50:18+00:00\" \/>\n<meta property=\"og:image\" content=\"https:\/\/krickrac.net\/fizio\/wp-content\/uploads\/2026\/03\/Gemini_Generated_Image_m7j1t7m7j1t7m7j1-1024x376.png\" \/>\n\t<meta property=\"og:image:width\" content=\"1024\" \/>\n\t<meta property=\"og:image:height\" content=\"376\" \/>\n\t<meta property=\"og:image:type\" content=\"image\/png\" \/>\n<meta name=\"twitter:card\" content=\"summary_large_image\" \/>\n<meta name=\"twitter:label1\" content=\"Est. reading time\" \/>\n\t<meta name=\"twitter:data1\" content=\"2 minuti\" \/>\n<script type=\"application\/ld+json\" class=\"yoast-schema-graph\">{\"@context\":\"https:\/\/schema.org\",\"@graph\":[{\"@type\":\"WebPage\",\"@id\":\"https:\/\/krickrac.net\/fizio\/o-nas\",\"url\":\"https:\/\/krickrac.net\/fizio\/o-nas\",\"name\":\"O nas - Center Fizioterapije Ljubljana\",\"isPartOf\":{\"@id\":\"https:\/\/krickrac.net\/fizio\/#website\"},\"primaryImageOfPage\":{\"@id\":\"https:\/\/krickrac.net\/fizio\/o-nas#primaryimage\"},\"image\":{\"@id\":\"https:\/\/krickrac.net\/fizio\/o-nas#primaryimage\"},\"thumbnailUrl\":\"https:\/\/krickrac.net\/fizio\/wp-content\/uploads\/2026\/03\/Gemini_Generated_Image_m7j1t7m7j1t7m7j1-scaled.png\",\"datePublished\":\"2026-03-08T10:14:57+00:00\",\"dateModified\":\"2026-04-07T18:50:18+00:00\",\"breadcrumb\":{\"@id\":\"https:\/\/krickrac.net\/fizio\/o-nas#breadcrumb\"},\"inLanguage\":\"sl-SI\",\"potentialAction\":[{\"@type\":\"ReadAction\",\"target\":[\"https:\/\/krickrac.net\/fizio\/o-nas\"]}]},{\"@type\":\"ImageObject\",\"inLanguage\":\"sl-SI\",\"@id\":\"https:\/\/krickrac.net\/fizio\/o-nas#primaryimage\",\"url\":\"https:\/\/krickrac.net\/fizio\/wp-content\/uploads\/2026\/03\/Gemini_Generated_Image_m7j1t7m7j1t7m7j1-scaled.png\",\"contentUrl\":\"https:\/\/krickrac.net\/fizio\/wp-content\/uploads\/2026\/03\/Gemini_Generated_Image_m7j1t7m7j1t7m7j1-scaled.png\",\"width\":2560,\"height\":940},{\"@type\":\"BreadcrumbList\",\"@id\":\"https:\/\/krickrac.net\/fizio\/o-nas#breadcrumb\",\"itemListElement\":[{\"@type\":\"ListItem\",\"position\":1,\"name\":\"Home\",\"item\":\"https:\/\/krickrac.net\/fizio\/\"},{\"@type\":\"ListItem\",\"position\":2,\"name\":\"O nas\"}]},{\"@type\":\"WebSite\",\"@id\":\"https:\/\/krickrac.net\/fizio\/#website\",\"url\":\"https:\/\/krickrac.net\/fizio\/\",\"name\":\"Center Fizioterapije Ljubljana\",\"description\":\"Fizioterapija, obravnavo posameznikov po mo\u017eganski kapi, po nezgodnih po\u0161kodbah mo\u017eganov in ostalih nevrolo\u0161kih stanjih.\",\"potentialAction\":[{\"@type\":\"SearchAction\",\"target\":{\"@type\":\"EntryPoint\",\"urlTemplate\":\"https:\/\/krickrac.net\/fizio\/?s={search_term_string}\"},\"query-input\":{\"@type\":\"PropertyValueSpecification\",\"valueRequired\":true,\"valueName\":\"search_term_string\"}}],\"inLanguage\":\"sl-SI\"}]}<\/script>\n<!-- \/ Yoast SEO plugin. -->","yoast_head_json":{"title":"O nas - Center Fizioterapije Ljubljana","robots":{"index":"noindex","follow":"follow","max-snippet":"max-snippet:-1","max-image-preview":"max-image-preview:large","max-video-preview":"max-video-preview:-1"},"og_locale":"sl_SI","og_type":"article","og_title":"O nas - Center Fizioterapije Ljubljana","og_url":"https:\/\/krickrac.net\/fizio\/o-nas","og_site_name":"Center Fizioterapije Ljubljana","article_modified_time":"2026-04-07T18:50:18+00:00","og_image":[{"width":1024,"height":376,"url":"https:\/\/krickrac.net\/fizio\/wp-content\/uploads\/2026\/03\/Gemini_Generated_Image_m7j1t7m7j1t7m7j1-1024x376.png","type":"image\/png"}],"twitter_card":"summary_large_image","twitter_misc":{"Est. reading time":"2 minuti"},"schema":{"@context":"https:\/\/schema.org","@graph":[{"@type":"WebPage","@id":"https:\/\/krickrac.net\/fizio\/o-nas","url":"https:\/\/krickrac.net\/fizio\/o-nas","name":"O nas - Center Fizioterapije Ljubljana","isPartOf":{"@id":"https:\/\/krickrac.net\/fizio\/#website"},"primaryImageOfPage":{"@id":"https:\/\/krickrac.net\/fizio\/o-nas#primaryimage"},"image":{"@id":"https:\/\/krickrac.net\/fizio\/o-nas#primaryimage"},"thumbnailUrl":"https:\/\/krickrac.net\/fizio\/wp-content\/uploads\/2026\/03\/Gemini_Generated_Image_m7j1t7m7j1t7m7j1-scaled.png","datePublished":"2026-03-08T10:14:57+00:00","dateModified":"2026-04-07T18:50:18+00:00","breadcrumb":{"@id":"https:\/\/krickrac.net\/fizio\/o-nas#breadcrumb"},"inLanguage":"sl-SI","potentialAction":[{"@type":"ReadAction","target":["https:\/\/krickrac.net\/fizio\/o-nas"]}]},{"@type":"ImageObject","inLanguage":"sl-SI","@id":"https:\/\/krickrac.net\/fizio\/o-nas#primaryimage","url":"https:\/\/krickrac.net\/fizio\/wp-content\/uploads\/2026\/03\/Gemini_Generated_Image_m7j1t7m7j1t7m7j1-scaled.png","contentUrl":"https:\/\/krickrac.net\/fizio\/wp-content\/uploads\/2026\/03\/Gemini_Generated_Image_m7j1t7m7j1t7m7j1-scaled.png","width":2560,"height":940},{"@type":"BreadcrumbList","@id":"https:\/\/krickrac.net\/fizio\/o-nas#breadcrumb","itemListElement":[{"@type":"ListItem","position":1,"name":"Home","item":"https:\/\/krickrac.net\/fizio\/"},{"@type":"ListItem","position":2,"name":"O nas"}]},{"@type":"WebSite","@id":"https:\/\/krickrac.net\/fizio\/#website","url":"https:\/\/krickrac.net\/fizio\/","name":"Center Fizioterapije Ljubljana","description":"Fizioterapija, obravnavo posameznikov po mo\u017eganski kapi, po nezgodnih po\u0161kodbah mo\u017eganov in ostalih nevrolo\u0161kih stanjih.","potentialAction":[{"@type":"SearchAction","target":{"@type":"EntryPoint","urlTemplate":"https:\/\/krickrac.net\/fizio\/?s={search_term_string}"},"query-input":{"@type":"PropertyValueSpecification","valueRequired":true,"valueName":"search_term_string"}}],"inLanguage":"sl-SI"}]}},"_links":{"self":[{"href":"https:\/\/krickrac.net\/fizio\/wp-json\/wp\/v2\/pages\/2084","targetHints":{"allow":["GET"]}}],"collection":[{"href":"https:\/\/krickrac.net\/fizio\/wp-json\/wp\/v2\/pages"}],"about":[{"href":"https:\/\/krickrac.net\/fizio\/wp-json\/wp\/v2\/types\/page"}],"author":[{"embeddable":true,"href":"https:\/\/krickrac.net\/fizio\/wp-json\/wp\/v2\/users\/1"}],"replies":[{"embeddable":true,"href":"https:\/\/krickrac.net\/fizio\/wp-json\/wp\/v2\/comments?post=2084"}],"version-history":[{"count":16,"href":"https:\/\/krickrac.net\/fizio\/wp-json\/wp\/v2\/pages\/2084\/revisions"}],"predecessor-version":[{"id":2284,"href":"https:\/\/krickrac.net\/fizio\/wp-json\/wp\/v2\/pages\/2084\/revisions\/2284"}],"wp:featuredmedia":[{"embeddable":true,"href":"https:\/\/krickrac.net\/fizio\/wp-json\/wp\/v2\/media\/2087"}],"wp:attachment":[{"href":"https:\/\/krickrac.net\/fizio\/wp-json\/wp\/v2\/media?parent=2084"}],"curies":[{"name":"wp","href":"https:\/\/api.w.org\/{rel}","templated":true}]}}