{"id":2248,"date":"2026-03-20T09:27:33","date_gmt":"2026-03-20T09:27:33","guid":{"rendered":"https:\/\/krickrac.net\/fizio\/?page_id=2248"},"modified":"2026-03-20T10:50:13","modified_gmt":"2026-03-20T10:50:13","slug":"novice","status":"publish","type":"page","link":"https:\/\/krickrac.net\/fizio\/novice","title":{"rendered":"Novice"},"content":{"rendered":"<p><div class=\"fusion-fullwidth fullwidth-box fusion-builder-row-1 fusion-flex-container has-pattern-background has-mask-background nonhundred-percent-fullwidth non-hundred-percent-height-scrolling\" style=\"--awb-border-radius-top-left:0px;--awb-border-radius-top-right:0px;--awb-border-radius-bottom-right:0px;--awb-border-radius-bottom-left:0px;--awb-flex-wrap:wrap;\" ><div class=\"fusion-builder-row fusion-row fusion-flex-align-items-flex-start fusion-flex-content-wrap\" style=\"max-width:1206.4px;margin-left: calc(-4% \/ 2 );margin-right: calc(-4% \/ 2 );\"><div class=\"fusion-layout-column fusion_builder_column fusion-builder-column-0 fusion_builder_column_1_1 1_1 fusion-flex-column\" style=\"--awb-bg-size:cover;--awb-width-large:100%;--awb-margin-top-large:25px;--awb-spacing-right-large:1.92%;--awb-margin-bottom-large:25px;--awb-spacing-left-large:1.92%;--awb-width-medium:100%;--awb-order-medium:0;--awb-spacing-right-medium:1.92%;--awb-spacing-left-medium:1.92%;--awb-width-small:100%;--awb-order-small:0;--awb-spacing-right-small:1.92%;--awb-spacing-left-small:1.92%;\" data-scroll-devices=\"small-visibility,medium-visibility,large-visibility\"><div class=\"fusion-column-wrapper fusion-column-has-shadow fusion-flex-justify-content-flex-start fusion-content-layout-column\"><div class=\"fusion-title title fusion-title-1 fusion-sep-none fusion-title-center fusion-title-text fusion-title-size-one\" style=\"--awb-margin-top-small:0px;--awb-margin-right-small:0px;--awb-margin-bottom-small:20px;--awb-margin-left-small:0px;\"><h1 class=\"fusion-title-heading title-heading-center fusion-responsive-typography-calculated\" style=\"margin:0;--fontSize:60;line-height:var(--awb-typography1-line-height);\">Novice<\/h1><\/div><\/div><\/div><\/div><\/div><div class=\"fusion-fullwidth fullwidth-box fusion-builder-row-2 fusion-flex-container has-pattern-background has-mask-background nonhundred-percent-fullwidth non-hundred-percent-height-scrolling\" style=\"--awb-border-radius-top-left:0px;--awb-border-radius-top-right:0px;--awb-border-radius-bottom-right:0px;--awb-border-radius-bottom-left:0px;--awb-margin-bottom:75px;--awb-flex-wrap:wrap;\" ><div class=\"fusion-builder-row fusion-row fusion-flex-align-items-flex-start fusion-flex-content-wrap\" style=\"max-width:1206.4px;margin-left: calc(-4% \/ 2 );margin-right: calc(-4% \/ 2 );\"><div class=\"fusion-layout-column fusion_builder_column fusion-builder-column-1 fusion_builder_column_1_1 1_1 fusion-flex-column\" style=\"--awb-bg-size:cover;--awb-width-large:100%;--awb-margin-top-large:25px;--awb-spacing-right-large:1.92%;--awb-margin-bottom-large:25px;--awb-spacing-left-large:1.92%;--awb-width-medium:100%;--awb-order-medium:0;--awb-spacing-right-medium:1.92%;--awb-spacing-left-medium:1.92%;--awb-width-small:100%;--awb-order-small:0;--awb-spacing-right-small:1.92%;--awb-spacing-left-small:1.92%;\" data-scroll-devices=\"small-visibility,medium-visibility,large-visibility\"><div class=\"fusion-column-wrapper fusion-column-has-shadow fusion-flex-justify-content-flex-start fusion-content-layout-column\"><div class=\"fusion-blog-shortcode fusion-blog-shortcode-1 fusion-blog-archive fusion-blog-layout-grid-wrapper fusion-blog-infinite\"><style type=\"text\/css\">.fusion-blog-shortcode-1 .fusion-blog-layout-grid .fusion-post-grid{padding:25px;}.fusion-blog-shortcode-1 .fusion-posts-container{margin-left: -25px !important; margin-right:-25px !important;}<\/style><div class=\"fusion-posts-container fusion-posts-container-infinite fusion-no-meta-info fusion-blog-rollover fusion-blog-layout-grid fusion-blog-layout-grid-3 isotope\" data-pages=\"2\" data-grid-col-space=\"50\" style=\"margin: -25px -25px 0;min-height:500px;\"><article id=\"blog-1-post-2244\" class=\"fusion-post-grid post-2244 post type-post status-publish format-standard has-post-thumbnail hentry category-novice tag-mozganska-kap\">\n<div class=\"fusion-post-wrapper\" style=\"background-color:var(--awb-color1);border:1px solid var(--awb-color1);border-bottom-width:3px;\">\n\n\t\t\t<div class=\"fusion-flexslider flexslider fusion-flexslider-loading fusion-post-slideshow\" style=\"border-color:var(--awb-color1);\">\n\t\t<ul class=\"slides\">\n\t\t\t\n\t\t\t\t\t\t\t\t\t\t\t\t\t\t<li><div  class=\"fusion-image-wrapper\" aria-haspopup=\"true\">\n\t\t\t\t<img decoding=\"async\" width=\"287\" height=\"194\" src=\"https:\/\/krickrac.net\/fizio\/wp-content\/uploads\/2026\/03\/Vestibularni-sistem-del-ravnotezja.jpeg\" class=\"attachment-full size-full lazyload wp-post-image\" alt=\"\" srcset=\"data:image\/svg+xml,%3Csvg%20xmlns%3D%27http%3A%2F%2Fwww.w3.org%2F2000%2Fsvg%27%20width%3D%27287%27%20height%3D%27194%27%20viewBox%3D%270%200%20287%20194%27%3E%3Crect%20width%3D%27287%27%20height%3D%27194%27%20fill-opacity%3D%220%22%2F%3E%3C%2Fsvg%3E\" data-orig-src=\"https:\/\/krickrac.net\/fizio\/wp-content\/uploads\/2026\/03\/Vestibularni-sistem-del-ravnotezja.jpeg\" data-srcset=\"https:\/\/krickrac.net\/fizio\/wp-content\/uploads\/2026\/03\/Vestibularni-sistem-del-ravnotezja-200x135.jpeg 200w, https:\/\/krickrac.net\/fizio\/wp-content\/uploads\/2026\/03\/Vestibularni-sistem-del-ravnotezja.jpeg 287w\" data-sizes=\"auto\" \/><div class=\"fusion-rollover\">\n\t<div class=\"fusion-rollover-content\">\n\n\t\t\t\t\n\t\t\n\t\t\t\t\t\t\t\t\n\t\t\t\t\t\t\t\t\n\t\t\n\t\t\t\t\t\t<a class=\"fusion-link-wrapper\" href=\"https:\/\/krickrac.net\/fizio\/novice\/vestibularni-sistem-del-ravnotezja-2\" aria-label=\"Vestibularni sistem, del ravnote\u017eja!\"><\/a>\n\t<\/div>\n<\/div>\n<\/div>\n<\/li>\n\t\t\t\n\t\t\t\n\t\t\t\t\t\t\t\t\t\t\t\t\t\t\t\t\t\t\t\t\t\t\t\t\t\t\t\t\t\t\t\t\t\t\t\t\t\t\t\t\t\t\t\t\t\t\t\t\t\t\t\t\t\t\t\t\t\t\t\t\t\t\t\t\t\t\t\t<\/ul>\n\t<\/div>\n\t<div class=\"fusion-post-content-wrapper\" style=\"padding:35px 25px 25px 25px;\"><div class=\"fusion-post-content post-content\"><h2 class=\"blog-shortcode-post-title entry-title\"><a href=\"https:\/\/krickrac.net\/fizio\/novice\/vestibularni-sistem-del-ravnotezja-2\">Vestibularni sistem, del ravnote\u017eja!<\/a><\/h2><div class=\"fusion-post-content-container\"><p> Ravnote\u017eje je telesna funkcija, ki ni prirojena ampak je pridobljena. To pomeni, da je potrebno vaditi, da<\/p><\/div><\/div><\/div><div class=\"fusion-clearfix\"><\/div><\/div>\n<\/article>\n<article id=\"blog-1-post-2237\" class=\"fusion-post-grid post-2237 post type-post status-publish format-standard has-post-thumbnail hentry category-novice tag-mozganska-kap\">\n<div class=\"fusion-post-wrapper\" style=\"background-color:var(--awb-color1);border:1px solid var(--awb-color1);border-bottom-width:3px;\">\n\n\t\t\t<div class=\"fusion-flexslider flexslider fusion-flexslider-loading fusion-post-slideshow\" style=\"border-color:var(--awb-color1);\">\n\t\t<ul class=\"slides\">\n\t\t\t\n\t\t\t\t\t\t\t\t\t\t\t\t\t\t<li><div  class=\"fusion-image-wrapper\" aria-haspopup=\"true\">\n\t\t\t\t<img decoding=\"async\" width=\"1024\" height=\"683\" src=\"https:\/\/krickrac.net\/fizio\/wp-content\/uploads\/2026\/03\/Trening-vizualizacije-za-osebe-po-mozganski-kapi.jpg\" class=\"attachment-full size-full lazyload wp-post-image\" alt=\"Trening vizualizacije za osebe po mo\u017eganski kapi\" srcset=\"data:image\/svg+xml,%3Csvg%20xmlns%3D%27http%3A%2F%2Fwww.w3.org%2F2000%2Fsvg%27%20width%3D%271024%27%20height%3D%27683%27%20viewBox%3D%270%200%201024%20683%27%3E%3Crect%20width%3D%271024%27%20height%3D%27683%27%20fill-opacity%3D%220%22%2F%3E%3C%2Fsvg%3E\" data-orig-src=\"https:\/\/krickrac.net\/fizio\/wp-content\/uploads\/2026\/03\/Trening-vizualizacije-za-osebe-po-mozganski-kapi.jpg\" data-srcset=\"https:\/\/krickrac.net\/fizio\/wp-content\/uploads\/2026\/03\/Trening-vizualizacije-za-osebe-po-mozganski-kapi-200x133.jpg 200w, https:\/\/krickrac.net\/fizio\/wp-content\/uploads\/2026\/03\/Trening-vizualizacije-za-osebe-po-mozganski-kapi-400x267.jpg 400w, https:\/\/krickrac.net\/fizio\/wp-content\/uploads\/2026\/03\/Trening-vizualizacije-za-osebe-po-mozganski-kapi-600x400.jpg 600w, https:\/\/krickrac.net\/fizio\/wp-content\/uploads\/2026\/03\/Trening-vizualizacije-za-osebe-po-mozganski-kapi-800x534.jpg 800w, https:\/\/krickrac.net\/fizio\/wp-content\/uploads\/2026\/03\/Trening-vizualizacije-za-osebe-po-mozganski-kapi.jpg 1024w\" data-sizes=\"auto\" \/><div class=\"fusion-rollover\">\n\t<div class=\"fusion-rollover-content\">\n\n\t\t\t\t\n\t\t\n\t\t\t\t\t\t\t\t\n\t\t\t\t\t\t\t\t\n\t\t\n\t\t\t\t\t\t<a class=\"fusion-link-wrapper\" href=\"https:\/\/krickrac.net\/fizio\/novice\/trening-vizualizacije-za-osebe-po-mozganski-kapi\" aria-label=\"Trening vizualizacije za osebe po mo\u017eganski kapi\"><\/a>\n\t<\/div>\n<\/div>\n<\/div>\n<\/li>\n\t\t\t\n\t\t\t\n\t\t\t\t\t\t\t\t\t\t\t\t\t\t\t\t\t\t\t\t\t\t\t\t\t\t\t\t\t\t\t\t\t\t\t\t\t\t\t\t\t\t\t\t\t\t\t\t\t\t\t\t\t\t\t\t\t\t\t\t\t\t\t\t\t\t\t\t<\/ul>\n\t<\/div>\n\t<div class=\"fusion-post-content-wrapper\" style=\"padding:35px 25px 25px 25px;\"><div class=\"fusion-post-content post-content\"><h2 class=\"blog-shortcode-post-title entry-title\"><a href=\"https:\/\/krickrac.net\/fizio\/novice\/trening-vizualizacije-za-osebe-po-mozganski-kapi\">Trening vizualizacije za osebe po mo\u017eganski kapi<\/a><\/h2><div class=\"fusion-post-content-container\"><p> Stopnjevana motori\u010dna predstava oziroma GMI (Ang: Graded Motor Imaginary) je bila prvotno razvita kot tehnika za laj\u0161anje<\/p><\/div><\/div><\/div><div class=\"fusion-clearfix\"><\/div><\/div>\n<\/article>\n<article id=\"blog-1-post-2221\" class=\"fusion-post-grid post-2221 post type-post status-publish format-standard has-post-thumbnail hentry category-novice tag-mozganska-kap\">\n<div class=\"fusion-post-wrapper\" style=\"background-color:var(--awb-color1);border:1px solid var(--awb-color1);border-bottom-width:3px;\">\n\n\t\t\t<div class=\"fusion-flexslider flexslider fusion-flexslider-loading fusion-post-slideshow\" style=\"border-color:var(--awb-color1);\">\n\t\t<ul class=\"slides\">\n\t\t\t\n\t\t\t\t\t\t\t\t\t\t\t\t\t\t<li><div  class=\"fusion-image-wrapper\" aria-haspopup=\"true\">\n\t\t\t\t<img decoding=\"async\" width=\"1024\" height=\"683\" src=\"https:\/\/krickrac.net\/fizio\/wp-content\/uploads\/2026\/03\/Vaje-za-hemipareticno-roko.jpg\" class=\"attachment-full size-full lazyload wp-post-image\" alt=\"\" srcset=\"data:image\/svg+xml,%3Csvg%20xmlns%3D%27http%3A%2F%2Fwww.w3.org%2F2000%2Fsvg%27%20width%3D%271024%27%20height%3D%27683%27%20viewBox%3D%270%200%201024%20683%27%3E%3Crect%20width%3D%271024%27%20height%3D%27683%27%20fill-opacity%3D%220%22%2F%3E%3C%2Fsvg%3E\" data-orig-src=\"https:\/\/krickrac.net\/fizio\/wp-content\/uploads\/2026\/03\/Vaje-za-hemipareticno-roko.jpg\" data-srcset=\"https:\/\/krickrac.net\/fizio\/wp-content\/uploads\/2026\/03\/Vaje-za-hemipareticno-roko-200x133.jpg 200w, https:\/\/krickrac.net\/fizio\/wp-content\/uploads\/2026\/03\/Vaje-za-hemipareticno-roko-400x267.jpg 400w, https:\/\/krickrac.net\/fizio\/wp-content\/uploads\/2026\/03\/Vaje-za-hemipareticno-roko-600x400.jpg 600w, https:\/\/krickrac.net\/fizio\/wp-content\/uploads\/2026\/03\/Vaje-za-hemipareticno-roko-800x534.jpg 800w, https:\/\/krickrac.net\/fizio\/wp-content\/uploads\/2026\/03\/Vaje-za-hemipareticno-roko.jpg 1024w\" data-sizes=\"auto\" \/><div class=\"fusion-rollover\">\n\t<div class=\"fusion-rollover-content\">\n\n\t\t\t\t\n\t\t\n\t\t\t\t\t\t\t\t\n\t\t\t\t\t\t\t\t\n\t\t\n\t\t\t\t\t\t<a class=\"fusion-link-wrapper\" href=\"https:\/\/krickrac.net\/fizio\/novice\/vaje-za-hemipareticno-roko-2\" aria-label=\"Vaje za hemipareti\u010dno roko\"><\/a>\n\t<\/div>\n<\/div>\n<\/div>\n<\/li>\n\t\t\t\n\t\t\t\n\t\t\t\t\t\t\t\t\t\t\t\t\t\t\t\t\t\t\t\t\t\t\t\t\t\t\t\t\t\t\t\t\t\t\t\t\t\t\t\t\t\t\t\t\t\t\t\t\t\t\t\t\t\t\t\t\t\t\t\t\t\t\t\t\t\t\t\t<\/ul>\n\t<\/div>\n\t<div class=\"fusion-post-content-wrapper\" style=\"padding:35px 25px 25px 25px;\"><div class=\"fusion-post-content post-content\"><h2 class=\"blog-shortcode-post-title entry-title\"><a href=\"https:\/\/krickrac.net\/fizio\/novice\/vaje-za-hemipareticno-roko-2\">Vaje za hemipareti\u010dno roko<\/a><\/h2><div class=\"fusion-post-content-container\"><p>Samo-mobilizacija, odpiranje roke, prijemanje in spu\u0161\u010danje predmeta, trening ve\u0161\u010dinRehabilitacija posameznikov po preboleli mo\u017eganski kapi je dolgotrajna in mnogokrat<\/p><\/div><\/div><\/div><div class=\"fusion-clearfix\"><\/div><\/div>\n<\/article>\n<article id=\"blog-1-post-835\" class=\"fusion-post-grid post-835 post type-post status-publish format-standard has-post-thumbnail hentry category-novice tag-analiza-hoje tag-mozganska-kap tag-nevroloska-rehabilitacija tag-nezgodna-mozganska-poskodba tag-rehagait\">\n<div class=\"fusion-post-wrapper\" style=\"background-color:var(--awb-color1);border:1px solid var(--awb-color1);border-bottom-width:3px;\">\n\n\t\t\t<div class=\"fusion-flexslider flexslider fusion-flexslider-loading fusion-post-slideshow\" style=\"border-color:var(--awb-color1);\">\n\t\t<ul class=\"slides\">\n\t\t\t\n\t\t\t\t\t\t\t\t\t\t\t\t\t\t<li><div  class=\"fusion-image-wrapper\" aria-haspopup=\"true\">\n\t\t\t\t<img decoding=\"async\" width=\"1292\" height=\"530\" src=\"https:\/\/krickrac.net\/fizio\/wp-content\/uploads\/2020\/01\/Screenshot-2020-01-30-at-22.13.50.png\" class=\"attachment-full size-full lazyload wp-post-image\" alt=\"\" srcset=\"data:image\/svg+xml,%3Csvg%20xmlns%3D%27http%3A%2F%2Fwww.w3.org%2F2000%2Fsvg%27%20width%3D%271292%27%20height%3D%27530%27%20viewBox%3D%270%200%201292%20530%27%3E%3Crect%20width%3D%271292%27%20height%3D%27530%27%20fill-opacity%3D%220%22%2F%3E%3C%2Fsvg%3E\" data-orig-src=\"https:\/\/krickrac.net\/fizio\/wp-content\/uploads\/2020\/01\/Screenshot-2020-01-30-at-22.13.50.png\" data-srcset=\"https:\/\/krickrac.net\/fizio\/wp-content\/uploads\/2020\/01\/Screenshot-2020-01-30-at-22.13.50-200x82.png 200w, https:\/\/krickrac.net\/fizio\/wp-content\/uploads\/2020\/01\/Screenshot-2020-01-30-at-22.13.50-400x164.png 400w, https:\/\/krickrac.net\/fizio\/wp-content\/uploads\/2020\/01\/Screenshot-2020-01-30-at-22.13.50-600x246.png 600w, https:\/\/krickrac.net\/fizio\/wp-content\/uploads\/2020\/01\/Screenshot-2020-01-30-at-22.13.50-800x328.png 800w, https:\/\/krickrac.net\/fizio\/wp-content\/uploads\/2020\/01\/Screenshot-2020-01-30-at-22.13.50-1200x492.png 1200w, https:\/\/krickrac.net\/fizio\/wp-content\/uploads\/2020\/01\/Screenshot-2020-01-30-at-22.13.50.png 1292w\" data-sizes=\"auto\" \/><div class=\"fusion-rollover\">\n\t<div class=\"fusion-rollover-content\">\n\n\t\t\t\t\n\t\t\n\t\t\t\t\t\t\t\t\n\t\t\t\t\t\t\t\t\n\t\t\n\t\t\t\t\t\t<a class=\"fusion-link-wrapper\" href=\"https:\/\/krickrac.net\/fizio\/novice\/uporaba-rehagait-sistema-za-ocenjevanje-hoje-pri-osebi-po-nezgodni-mozganski-poskodbi-studija-primera\" aria-label=\"Uporaba RehaGait\u00ae sistema za ocenjevanje hoje pri osebi po nezgodni mo\u017eganski po\u0161kodbi &#8211; \u0161tudija primera\"><\/a>\n\t<\/div>\n<\/div>\n<\/div>\n<\/li>\n\t\t\t\n\t\t\t\n\t\t\t\t\t\t\t\t\t\t\t\t\t\t\t\t\t\t\t\t\t\t\t\t\t\t\t\t\t\t\t\t\t\t\t\t\t\t\t\t\t\t\t\t\t\t\t\t\t\t\t\t\t\t\t\t\t\t\t\t\t\t\t\t\t\t\t\t<\/ul>\n\t<\/div>\n\t<div class=\"fusion-post-content-wrapper\" style=\"padding:35px 25px 25px 25px;\"><div class=\"fusion-post-content post-content\"><h2 class=\"blog-shortcode-post-title entry-title\"><a href=\"https:\/\/krickrac.net\/fizio\/novice\/uporaba-rehagait-sistema-za-ocenjevanje-hoje-pri-osebi-po-nezgodni-mozganski-poskodbi-studija-primera\">Uporaba RehaGait\u00ae sistema za ocenjevanje hoje pri osebi po nezgodni mo\u017eganski po\u0161kodbi &#8211; \u0161tudija primera<\/a><\/h2><div class=\"fusion-post-content-container\"><p>Tatjana Jegli\u010d, dipl. fiziot., Helena Bizjak, dipl. fiziot., Nika Gomba\u010d, dipl. del. ter. Use of the RehaGait\u00ae system<\/p><\/div><\/div><\/div><div class=\"fusion-clearfix\"><\/div><\/div>\n<\/article>\n<article id=\"blog-1-post-755\" class=\"fusion-post-grid post-755 post type-post status-publish format-standard has-post-thumbnail hentry category-novice category-terapija-brazgotin\">\n<div class=\"fusion-post-wrapper\" style=\"background-color:var(--awb-color1);border:1px solid var(--awb-color1);border-bottom-width:3px;\">\n\n\t\t\t<div class=\"fusion-flexslider flexslider fusion-flexslider-loading fusion-post-slideshow\" style=\"border-color:var(--awb-color1);\">\n\t\t<ul class=\"slides\">\n\t\t\t\n\t\t\t\t\t\t\t\t\t\t\t\t\t\t<li><div  class=\"fusion-image-wrapper\" aria-haspopup=\"true\">\n\t\t\t\t<img decoding=\"async\" width=\"591\" height=\"591\" src=\"https:\/\/krickrac.net\/fizio\/wp-content\/uploads\/2019\/08\/slika-brazgotine-CFL-1.png\" class=\"attachment-full size-full lazyload wp-post-image\" alt=\"\" srcset=\"data:image\/svg+xml,%3Csvg%20xmlns%3D%27http%3A%2F%2Fwww.w3.org%2F2000%2Fsvg%27%20width%3D%27591%27%20height%3D%27591%27%20viewBox%3D%270%200%20591%20591%27%3E%3Crect%20width%3D%27591%27%20height%3D%27591%27%20fill-opacity%3D%220%22%2F%3E%3C%2Fsvg%3E\" data-orig-src=\"https:\/\/krickrac.net\/fizio\/wp-content\/uploads\/2019\/08\/slika-brazgotine-CFL-1.png\" data-srcset=\"https:\/\/krickrac.net\/fizio\/wp-content\/uploads\/2019\/08\/slika-brazgotine-CFL-1-200x200.png 200w, https:\/\/krickrac.net\/fizio\/wp-content\/uploads\/2019\/08\/slika-brazgotine-CFL-1-400x400.png 400w, https:\/\/krickrac.net\/fizio\/wp-content\/uploads\/2019\/08\/slika-brazgotine-CFL-1.png 591w\" data-sizes=\"auto\" \/><div class=\"fusion-rollover\">\n\t<div class=\"fusion-rollover-content\">\n\n\t\t\t\t\n\t\t\n\t\t\t\t\t\t\t\t\n\t\t\t\t\t\t\t\t\n\t\t\n\t\t\t\t\t\t<a class=\"fusion-link-wrapper\" href=\"https:\/\/krickrac.net\/fizio\/bolecinska-stanja-in-poskodbe\/terapija-brazgotin\/terapija-brazgotin\" aria-label=\"Terapija brazgotin\"><\/a>\n\t<\/div>\n<\/div>\n<\/div>\n<\/li>\n\t\t\t\n\t\t\t\n\t\t\t\t\t\t\t\t\t\t\t\t\t\t\t\t\t\t\t\t\t\t\t\t\t\t\t\t\t\t\t\t\t\t\t\t\t\t\t\t\t\t\t\t\t\t\t\t\t\t\t\t\t\t\t\t\t\t\t\t\t\t\t\t\t\t\t\t<\/ul>\n\t<\/div>\n\t<div class=\"fusion-post-content-wrapper\" style=\"padding:35px 25px 25px 25px;\"><div class=\"fusion-post-content post-content\"><h2 class=\"blog-shortcode-post-title entry-title\"><a href=\"https:\/\/krickrac.net\/fizio\/bolecinska-stanja-in-poskodbe\/terapija-brazgotin\/terapija-brazgotin\">Terapija brazgotin<\/a><\/h2><div class=\"fusion-post-content-container\"><p>Prispevek pripravili Helena Gutnik, dipl.fiziot. in Nika Gomba\u010d, dipl.del.ter. \u2013\u00a0 trajni spomin na ko\u017ei in najve\u010dkrat spregledana telesna<\/p><\/div><\/div><\/div><div class=\"fusion-clearfix\"><\/div><\/div>\n<\/article>\n<article id=\"blog-1-post-525\" class=\"fusion-post-grid post-525 post type-post status-publish format-standard has-post-thumbnail hentry category-novice\">\n<div class=\"fusion-post-wrapper\" style=\"background-color:var(--awb-color1);border:1px solid var(--awb-color1);border-bottom-width:3px;\">\n\n\t\t\t<div class=\"fusion-flexslider flexslider fusion-flexslider-loading fusion-post-slideshow\" style=\"border-color:var(--awb-color1);\">\n\t\t<ul class=\"slides\">\n\t\t\t\n\t\t\t\t\t\t\t\t\t\t\t\t\t\t<li><div  class=\"fusion-image-wrapper\" aria-haspopup=\"true\">\n\t\t\t\t<img decoding=\"async\" width=\"523\" height=\"295\" src=\"https:\/\/krickrac.net\/fizio\/wp-content\/uploads\/2015\/10\/benefits.png\" class=\"attachment-full size-full lazyload wp-post-image\" alt=\"\" srcset=\"data:image\/svg+xml,%3Csvg%20xmlns%3D%27http%3A%2F%2Fwww.w3.org%2F2000%2Fsvg%27%20width%3D%27523%27%20height%3D%27295%27%20viewBox%3D%270%200%20523%20295%27%3E%3Crect%20width%3D%27523%27%20height%3D%27295%27%20fill-opacity%3D%220%22%2F%3E%3C%2Fsvg%3E\" data-orig-src=\"https:\/\/krickrac.net\/fizio\/wp-content\/uploads\/2015\/10\/benefits.png\" data-srcset=\"https:\/\/krickrac.net\/fizio\/wp-content\/uploads\/2015\/10\/benefits-200x113.png 200w, https:\/\/krickrac.net\/fizio\/wp-content\/uploads\/2015\/10\/benefits-400x226.png 400w, https:\/\/krickrac.net\/fizio\/wp-content\/uploads\/2015\/10\/benefits.png 523w\" data-sizes=\"auto\" \/><div class=\"fusion-rollover\">\n\t<div class=\"fusion-rollover-content\">\n\n\t\t\t\t\n\t\t\n\t\t\t\t\t\t\t\t\n\t\t\t\t\t\t\t\t\n\t\t\n\t\t\t\t\t\t<a class=\"fusion-link-wrapper\" href=\"https:\/\/krickrac.net\/fizio\/novice\/kalcinacije-ramena-in-moznosti-neinvazivnega-zdravljenja-uporaba-globinskih-udarnih-valov-eswt\" aria-label=\"Kalcinacije ramena in mo\u017enosti neinvazivnega zdravljenja \u2013 uporaba globinskih udarnih valov (ESWT)\"><\/a>\n\t<\/div>\n<\/div>\n<\/div>\n<\/li>\n\t\t\t\n\t\t\t\n\t\t\t\t\t\t\t\t\t\t\t\t\t\t\t\t\t\t\t\t\t\t\t\t\t\t\t\t\t\t\t\t\t\t\t\t\t\t\t\t\t\t\t\t\t\t\t\t\t\t\t\t\t\t\t\t\t\t\t\t\t\t\t\t\t\t\t\t<\/ul>\n\t<\/div>\n\t<div class=\"fusion-post-content-wrapper\" style=\"padding:35px 25px 25px 25px;\"><div class=\"fusion-post-content post-content\"><h2 class=\"blog-shortcode-post-title entry-title\"><a href=\"https:\/\/krickrac.net\/fizio\/novice\/kalcinacije-ramena-in-moznosti-neinvazivnega-zdravljenja-uporaba-globinskih-udarnih-valov-eswt\">Kalcinacije ramena in mo\u017enosti neinvazivnega zdravljenja \u2013 uporaba globinskih udarnih valov (ESWT)<\/a><\/h2><div class=\"fusion-post-content-container\"><p>Prispevek pripravil\/a: Urh Munda, dipl.fiziot., in Tatjana Jegli\u010d, dipl.fiziot., IBITA Instructor Pojav kalcinatnih depozitov, pogosto poimenovanih v ljudskem<\/p><\/div><\/div><\/div><div class=\"fusion-clearfix\"><\/div><\/div>\n<\/article>\n<div class=\"fusion-clearfix\"><\/div><\/div><div class=\"fusion-infinite-scroll-trigger\"><\/div><div class=\"pagination infinite-scroll clearfix\" style=\"display:none;\"><span class=\"current\">1<\/span><a href=\"https:\/\/krickrac.net\/fizio\/wp-json\/wp\/v2\/pages\/2248\/page\/2\" class=\"inactive\">2<\/a><a class=\"pagination-next\" rel=\"next\" href=\"https:\/\/krickrac.net\/fizio\/wp-json\/wp\/v2\/pages\/2248\/page\/2\"><span class=\"page-text\">Next<\/span><span class=\"page-next\"><\/span><\/a><\/div><div class=\"fusion-clearfix\"><\/div><\/div><\/div><\/div><\/div><\/div><\/p>\n","protected":false},"excerpt":{"rendered":"","protected":false},"author":1,"featured_media":0,"parent":0,"menu_order":0,"comment_status":"closed","ping_status":"closed","template":"","meta":{"footnotes":""},"class_list":["post-2248","page","type-page","status-publish","hentry"],"yoast_head":"<!-- This site is optimized with the Yoast SEO plugin v27.2 - https:\/\/yoast.com\/product\/yoast-seo-wordpress\/ -->\n<title>Novice - Center Fizioterapije Ljubljana<\/title>\n<meta name=\"robots\" content=\"noindex, follow, max-snippet:-1, max-image-preview:large, max-video-preview:-1\" \/>\n<meta property=\"og:locale\" content=\"sl_SI\" \/>\n<meta property=\"og:type\" content=\"article\" \/>\n<meta property=\"og:title\" content=\"Novice - Center Fizioterapije Ljubljana\" \/>\n<meta property=\"og:url\" content=\"https:\/\/krickrac.net\/fizio\/novice\" \/>\n<meta property=\"og:site_name\" content=\"Center Fizioterapije Ljubljana\" \/>\n<meta property=\"article:modified_time\" content=\"2026-03-20T10:50:13+00:00\" \/>\n<meta name=\"twitter:card\" content=\"summary_large_image\" \/>\n<meta name=\"twitter:label1\" content=\"Est. reading time\" \/>\n\t<meta name=\"twitter:data1\" content=\"3 minute\" \/>\n<script type=\"application\/ld+json\" class=\"yoast-schema-graph\">{\"@context\":\"https:\/\/schema.org\",\"@graph\":[{\"@type\":\"WebPage\",\"@id\":\"https:\/\/krickrac.net\/fizio\/novice\",\"url\":\"https:\/\/krickrac.net\/fizio\/novice\",\"name\":\"Novice - Center Fizioterapije Ljubljana\",\"isPartOf\":{\"@id\":\"https:\/\/krickrac.net\/fizio\/#website\"},\"datePublished\":\"2026-03-20T09:27:33+00:00\",\"dateModified\":\"2026-03-20T10:50:13+00:00\",\"breadcrumb\":{\"@id\":\"https:\/\/krickrac.net\/fizio\/novice#breadcrumb\"},\"inLanguage\":\"sl-SI\",\"potentialAction\":[{\"@type\":\"ReadAction\",\"target\":[\"https:\/\/krickrac.net\/fizio\/novice\"]}]},{\"@type\":\"BreadcrumbList\",\"@id\":\"https:\/\/krickrac.net\/fizio\/novice#breadcrumb\",\"itemListElement\":[{\"@type\":\"ListItem\",\"position\":1,\"name\":\"Home\",\"item\":\"https:\/\/krickrac.net\/fizio\/\"},{\"@type\":\"ListItem\",\"position\":2,\"name\":\"Novice\"}]},{\"@type\":\"WebSite\",\"@id\":\"https:\/\/krickrac.net\/fizio\/#website\",\"url\":\"https:\/\/krickrac.net\/fizio\/\",\"name\":\"Center Fizioterapije Ljubljana\",\"description\":\"Fizioterapija, obravnavo posameznikov po mo\u017eganski kapi, po nezgodnih po\u0161kodbah mo\u017eganov in ostalih nevrolo\u0161kih stanjih.\",\"potentialAction\":[{\"@type\":\"SearchAction\",\"target\":{\"@type\":\"EntryPoint\",\"urlTemplate\":\"https:\/\/krickrac.net\/fizio\/?s={search_term_string}\"},\"query-input\":{\"@type\":\"PropertyValueSpecification\",\"valueRequired\":true,\"valueName\":\"search_term_string\"}}],\"inLanguage\":\"sl-SI\"}]}<\/script>\n<!-- \/ Yoast SEO plugin. -->","yoast_head_json":{"title":"Novice - Center Fizioterapije Ljubljana","robots":{"index":"noindex","follow":"follow","max-snippet":"max-snippet:-1","max-image-preview":"max-image-preview:large","max-video-preview":"max-video-preview:-1"},"og_locale":"sl_SI","og_type":"article","og_title":"Novice - Center Fizioterapije Ljubljana","og_url":"https:\/\/krickrac.net\/fizio\/novice","og_site_name":"Center Fizioterapije Ljubljana","article_modified_time":"2026-03-20T10:50:13+00:00","twitter_card":"summary_large_image","twitter_misc":{"Est. reading time":"3 minute"},"schema":{"@context":"https:\/\/schema.org","@graph":[{"@type":"WebPage","@id":"https:\/\/krickrac.net\/fizio\/novice","url":"https:\/\/krickrac.net\/fizio\/novice","name":"Novice - Center Fizioterapije Ljubljana","isPartOf":{"@id":"https:\/\/krickrac.net\/fizio\/#website"},"datePublished":"2026-03-20T09:27:33+00:00","dateModified":"2026-03-20T10:50:13+00:00","breadcrumb":{"@id":"https:\/\/krickrac.net\/fizio\/novice#breadcrumb"},"inLanguage":"sl-SI","potentialAction":[{"@type":"ReadAction","target":["https:\/\/krickrac.net\/fizio\/novice"]}]},{"@type":"BreadcrumbList","@id":"https:\/\/krickrac.net\/fizio\/novice#breadcrumb","itemListElement":[{"@type":"ListItem","position":1,"name":"Home","item":"https:\/\/krickrac.net\/fizio\/"},{"@type":"ListItem","position":2,"name":"Novice"}]},{"@type":"WebSite","@id":"https:\/\/krickrac.net\/fizio\/#website","url":"https:\/\/krickrac.net\/fizio\/","name":"Center Fizioterapije Ljubljana","description":"Fizioterapija, obravnavo posameznikov po mo\u017eganski kapi, po nezgodnih po\u0161kodbah mo\u017eganov in ostalih nevrolo\u0161kih stanjih.","potentialAction":[{"@type":"SearchAction","target":{"@type":"EntryPoint","urlTemplate":"https:\/\/krickrac.net\/fizio\/?s={search_term_string}"},"query-input":{"@type":"PropertyValueSpecification","valueRequired":true,"valueName":"search_term_string"}}],"inLanguage":"sl-SI"}]}},"_links":{"self":[{"href":"https:\/\/krickrac.net\/fizio\/wp-json\/wp\/v2\/pages\/2248","targetHints":{"allow":["GET"]}}],"collection":[{"href":"https:\/\/krickrac.net\/fizio\/wp-json\/wp\/v2\/pages"}],"about":[{"href":"https:\/\/krickrac.net\/fizio\/wp-json\/wp\/v2\/types\/page"}],"author":[{"embeddable":true,"href":"https:\/\/krickrac.net\/fizio\/wp-json\/wp\/v2\/users\/1"}],"replies":[{"embeddable":true,"href":"https:\/\/krickrac.net\/fizio\/wp-json\/wp\/v2\/comments?post=2248"}],"version-history":[{"count":12,"href":"https:\/\/krickrac.net\/fizio\/wp-json\/wp\/v2\/pages\/2248\/revisions"}],"predecessor-version":[{"id":2273,"href":"https:\/\/krickrac.net\/fizio\/wp-json\/wp\/v2\/pages\/2248\/revisions\/2273"}],"wp:attachment":[{"href":"https:\/\/krickrac.net\/fizio\/wp-json\/wp\/v2\/media?parent=2248"}],"curies":[{"name":"wp","href":"https:\/\/api.w.org\/{rel}","templated":true}]}}